{"id":447,"date":"2023-05-15T10:56:02","date_gmt":"2023-05-15T10:56:02","guid":{"rendered":"https:\/\/newsim.de\/impressum\/"},"modified":"2023-05-15T10:56:02","modified_gmt":"2023-05-15T10:56:02","slug":"impressum","status":"publish","type":"page","link":"https:\/\/newsim.de\/en\/impressum\/","title":{"rendered":"Impressum"},"content":{"rendered":"[vc_row][vc_column][vc_column_text]<strong>Herausgeber<\/strong><\/p>\n<p>newsim GmbH<br \/>\nWehrdaer Stra\u00dfe 120<br \/>\n35041 Marburg<\/p>\n<p>E-Mail:<a class=\"_ps2id\" href=\"#_contact-form\" data-ps2id-offset=\"\">Kontaktformular<\/a><br \/>\nInternet: <a href=\"http:\/\/newsim.de\" target=\"_blank\" rel=\"noopener\">newsim.de<\/a><br \/>\nTelefon: (06421) 620 36 111 (Kosten f\u00fcr ein Festnetzgespr\u00e4ch entsprechend Ihres Telefontarifes)<\/p>\n<p><strong>Gesch\u00e4ftsf\u00fchrer<\/strong><\/p>\n<p>Matthias Engelke, Norbert Sch\u00fcppler<\/p>\n<p><strong>Gesellschaft<\/strong><\/p>\n<p>Sitz der Gesellschaft: Marburg<br \/>\nAmtsgericht \u2013 Registergericht: Marburg \u2013 HRB 6197<\/p>\n<p>Urheberrechte und Haftung:<br \/>\nUrheberrechte und Haftung liegen bei der newsim GmbH<\/p>\n<p>&nbsp;<\/p>\n<p><b>Aufsichtsbeh\u00f6rde<\/b><\/p>\n<p>Bundesnetzagentur f\u00fcr Elektrizit\u00e4t, Gas, Telekommunikation, Post und Eisenbahnen<br \/>\nTulpenfeld 4<br \/>\n53113 Bonn<\/p>\n<p>&nbsp;<\/p>\n<p><b>Online-Streitbeilegung<\/b><\/p>\n<p>Plattform der EU-Kommission zur Online-Streitbeilegung:\u00a0<a href=\"http:\/\/ec.europa.eu\/consumers\/odr\" target=\"_blank\" rel=\"noopener noreferrer\">http:\/\/ec.europa.eu\/consumers\/odr<\/a>[\/vc_column_text][\/vc_column][\/vc_row]\n","protected":false},"excerpt":{"rendered":"<p>[vc_row][vc_column][vc_column_text]Herausgeber newsim GmbH Wehrdaer Stra\u00dfe 120 35041 Marburg E-Mail:Kontaktformular Internet: newsim.de Telefon: (06421) 620 36 111 (Kosten f\u00fcr ein Festnetzgespr\u00e4ch entsprechend Ihres Telefontarifes) Gesch\u00e4ftsf\u00fchrer Matthias Engelke, Norbert Sch\u00fcppler Gesellschaft Sitz der Gesellschaft: Marburg Amtsgericht \u2013 Registergericht: Marburg \u2013 HRB 6197 Urheberrechte und Haftung: Urheberrechte und Haftung liegen bei der newsim GmbH &nbsp; Aufsichtsbeh\u00f6rde Bundesnetzagentur f\u00fcr&#8230;<\/p>\n","protected":false},"author":1,"featured_media":0,"parent":0,"menu_order":0,"comment_status":"closed","ping_status":"closed","template":"","meta":{"footnotes":""},"class_list":["post-447","page","type-page","status-publish","hentry"],"yoast_head":"<!-- This site is optimized with the Yoast SEO plugin v27.0 - https:\/\/yoast.com\/product\/yoast-seo-wordpress\/ -->\n<title>Impressum - newSIM<\/title>\n<meta name=\"robots\" content=\"noindex, follow\" \/>\n<meta property=\"og:locale\" content=\"en_US\" \/>\n<meta property=\"og:type\" content=\"article\" \/>\n<meta property=\"og:title\" content=\"Impressum - newSIM\" \/>\n<meta property=\"og:description\" content=\"[vc_row][vc_column][vc_column_text]Herausgeber newsim GmbH Wehrdaer Stra\u00dfe 120 35041 Marburg E-Mail:Kontaktformular Internet: newsim.de Telefon: (06421) 620 36 111 (Kosten f\u00fcr ein Festnetzgespr\u00e4ch entsprechend Ihres Telefontarifes) Gesch\u00e4ftsf\u00fchrer Matthias Engelke, Norbert Sch\u00fcppler Gesellschaft Sitz der Gesellschaft: Marburg Amtsgericht \u2013 Registergericht: Marburg \u2013 HRB 6197 Urheberrechte und Haftung: Urheberrechte und Haftung liegen bei der newsim GmbH &nbsp; Aufsichtsbeh\u00f6rde Bundesnetzagentur f\u00fcr...\" \/>\n<meta property=\"og:url\" content=\"https:\/\/newsim.de\/en\/impressum\/\" \/>\n<meta property=\"og:site_name\" content=\"newSIM\" \/>\n<meta name=\"twitter:card\" content=\"summary_large_image\" \/>\n<script type=\"application\/ld+json\" class=\"yoast-schema-graph\">{\"@context\":\"https:\/\/schema.org\",\"@graph\":[{\"@type\":\"WebPage\",\"@id\":\"https:\/\/newsim.de\/en\/impressum\/\",\"url\":\"https:\/\/newsim.de\/en\/impressum\/\",\"name\":\"Impressum - newSIM\",\"isPartOf\":{\"@id\":\"https:\/\/newsim.de\/#website\"},\"datePublished\":\"2023-05-15T10:56:02+00:00\",\"breadcrumb\":{\"@id\":\"https:\/\/newsim.de\/en\/impressum\/#breadcrumb\"},\"inLanguage\":\"en-US\",\"potentialAction\":[{\"@type\":\"ReadAction\",\"target\":[\"https:\/\/newsim.de\/en\/impressum\/\"]}]},{\"@type\":\"BreadcrumbList\",\"@id\":\"https:\/\/newsim.de\/en\/impressum\/#breadcrumb\",\"itemListElement\":[{\"@type\":\"ListItem\",\"position\":1,\"name\":\"Startseite\",\"item\":\"https:\/\/newsim.de\/\"},{\"@type\":\"ListItem\",\"position\":2,\"name\":\"Impressum\"}]},{\"@type\":\"WebSite\",\"@id\":\"https:\/\/newsim.de\/#website\",\"url\":\"https:\/\/newsim.de\/\",\"name\":\"newSIM\",\"description\":\"Mobilfunk as A Service\",\"publisher\":{\"@id\":\"https:\/\/newsim.de\/#organization\"},\"potentialAction\":[{\"@type\":\"SearchAction\",\"target\":{\"@type\":\"EntryPoint\",\"urlTemplate\":\"https:\/\/newsim.de\/?s={search_term_string}\"},\"query-input\":{\"@type\":\"PropertyValueSpecification\",\"valueRequired\":true,\"valueName\":\"search_term_string\"}}],\"inLanguage\":\"en-US\"},{\"@type\":\"Organization\",\"@id\":\"https:\/\/newsim.de\/#organization\",\"name\":\"newSIM\",\"url\":\"https:\/\/newsim.de\/\",\"logo\":{\"@type\":\"ImageObject\",\"inLanguage\":\"en-US\",\"@id\":\"https:\/\/newsim.de\/#\/schema\/logo\/image\/\",\"url\":\"https:\/\/newsim.de\/wp-content\/uploads\/2021\/07\/cropped-favicon.png\",\"contentUrl\":\"https:\/\/newsim.de\/wp-content\/uploads\/2021\/07\/cropped-favicon.png\",\"width\":512,\"height\":512,\"caption\":\"newSIM\"},\"image\":{\"@id\":\"https:\/\/newsim.de\/#\/schema\/logo\/image\/\"}}]}<\/script>\n<!-- \/ Yoast SEO plugin. -->","yoast_head_json":{"title":"Impressum - newSIM","robots":{"index":"noindex","follow":"follow"},"og_locale":"en_US","og_type":"article","og_title":"Impressum - newSIM","og_description":"[vc_row][vc_column][vc_column_text]Herausgeber newsim GmbH Wehrdaer Stra\u00dfe 120 35041 Marburg E-Mail:Kontaktformular Internet: newsim.de Telefon: (06421) 620 36 111 (Kosten f\u00fcr ein Festnetzgespr\u00e4ch entsprechend Ihres Telefontarifes) Gesch\u00e4ftsf\u00fchrer Matthias Engelke, Norbert Sch\u00fcppler Gesellschaft Sitz der Gesellschaft: Marburg Amtsgericht \u2013 Registergericht: Marburg \u2013 HRB 6197 Urheberrechte und Haftung: Urheberrechte und Haftung liegen bei der newsim GmbH &nbsp; Aufsichtsbeh\u00f6rde Bundesnetzagentur f\u00fcr...","og_url":"https:\/\/newsim.de\/en\/impressum\/","og_site_name":"newSIM","twitter_card":"summary_large_image","schema":{"@context":"https:\/\/schema.org","@graph":[{"@type":"WebPage","@id":"https:\/\/newsim.de\/en\/impressum\/","url":"https:\/\/newsim.de\/en\/impressum\/","name":"Impressum - newSIM","isPartOf":{"@id":"https:\/\/newsim.de\/#website"},"datePublished":"2023-05-15T10:56:02+00:00","breadcrumb":{"@id":"https:\/\/newsim.de\/en\/impressum\/#breadcrumb"},"inLanguage":"en-US","potentialAction":[{"@type":"ReadAction","target":["https:\/\/newsim.de\/en\/impressum\/"]}]},{"@type":"BreadcrumbList","@id":"https:\/\/newsim.de\/en\/impressum\/#breadcrumb","itemListElement":[{"@type":"ListItem","position":1,"name":"Startseite","item":"https:\/\/newsim.de\/"},{"@type":"ListItem","position":2,"name":"Impressum"}]},{"@type":"WebSite","@id":"https:\/\/newsim.de\/#website","url":"https:\/\/newsim.de\/","name":"newSIM","description":"Mobilfunk as A Service","publisher":{"@id":"https:\/\/newsim.de\/#organization"},"potentialAction":[{"@type":"SearchAction","target":{"@type":"EntryPoint","urlTemplate":"https:\/\/newsim.de\/?s={search_term_string}"},"query-input":{"@type":"PropertyValueSpecification","valueRequired":true,"valueName":"search_term_string"}}],"inLanguage":"en-US"},{"@type":"Organization","@id":"https:\/\/newsim.de\/#organization","name":"newSIM","url":"https:\/\/newsim.de\/","logo":{"@type":"ImageObject","inLanguage":"en-US","@id":"https:\/\/newsim.de\/#\/schema\/logo\/image\/","url":"https:\/\/newsim.de\/wp-content\/uploads\/2021\/07\/cropped-favicon.png","contentUrl":"https:\/\/newsim.de\/wp-content\/uploads\/2021\/07\/cropped-favicon.png","width":512,"height":512,"caption":"newSIM"},"image":{"@id":"https:\/\/newsim.de\/#\/schema\/logo\/image\/"}}]}},"_links":{"self":[{"href":"https:\/\/newsim.de\/en\/wp-json\/wp\/v2\/pages\/447","targetHints":{"allow":["GET"]}}],"collection":[{"href":"https:\/\/newsim.de\/en\/wp-json\/wp\/v2\/pages"}],"about":[{"href":"https:\/\/newsim.de\/en\/wp-json\/wp\/v2\/types\/page"}],"author":[{"embeddable":true,"href":"https:\/\/newsim.de\/en\/wp-json\/wp\/v2\/users\/1"}],"replies":[{"embeddable":true,"href":"https:\/\/newsim.de\/en\/wp-json\/wp\/v2\/comments?post=447"}],"version-history":[{"count":1,"href":"https:\/\/newsim.de\/en\/wp-json\/wp\/v2\/pages\/447\/revisions"}],"predecessor-version":[{"id":448,"href":"https:\/\/newsim.de\/en\/wp-json\/wp\/v2\/pages\/447\/revisions\/448"}],"wp:attachment":[{"href":"https:\/\/newsim.de\/en\/wp-json\/wp\/v2\/media?parent=447"}],"curies":[{"name":"wp","href":"https:\/\/api.w.org\/{rel}","templated":true}]}}